{"id":107,"date":"2026-03-20T18:44:34","date_gmt":"2026-03-20T21:44:34","guid":{"rendered":"https:\/\/loja.gengibrequentinho.com.br\/?page_id=107"},"modified":"2026-03-20T19:27:34","modified_gmt":"2026-03-20T22:27:34","slug":"home","status":"publish","type":"page","link":"https:\/\/loja.gengibrequentinho.com.br\/","title":{"rendered":"Home"},"content":{"rendered":"\t\t<div data-elementor-type=\"wp-page\" data-elementor-id=\"107\" class=\"elementor elementor-107\" data-elementor-post-type=\"page\">\n\t\t\t\t<div class=\"elementor-element elementor-element-aedf0cc e-flex e-con-boxed e-con e-parent\" data-id=\"aedf0cc\" data-element_type=\"container\" data-e-type=\"container\" data-settings=\"{&quot;background_background&quot;:&quot;classic&quot;}\">\n\t\t\t\t\t<div class=\"e-con-inner\">\n\t\t\t\t<div class=\"woocommerce elementor-element elementor-element-113eaf7 elementor-pagination-type-bullets elementor-arrows-position-inside elementor-pagination-position-outside elementor-widget elementor-widget-loop-carousel\" data-id=\"113eaf7\" data-element_type=\"widget\" data-e-type=\"widget\" data-settings=\"{&quot;_skin&quot;:&quot;product&quot;,&quot;template_id&quot;:&quot;138&quot;,&quot;slides_to_show&quot;:&quot;3&quot;,&quot;slides_to_show_tablet&quot;:&quot;2&quot;,&quot;slides_to_show_mobile&quot;:&quot;1&quot;,&quot;slides_to_scroll&quot;:&quot;1&quot;,&quot;edit_handle_selector&quot;:&quot;.elementor-loop-container&quot;,&quot;autoplay&quot;:&quot;yes&quot;,&quot;autoplay_speed&quot;:5000,&quot;pause_on_hover&quot;:&quot;yes&quot;,&quot;pause_on_interaction&quot;:&quot;yes&quot;,&quot;infinite&quot;:&quot;yes&quot;,&quot;speed&quot;:500,&quot;offset_sides&quot;:&quot;none&quot;,&quot;arrows&quot;:&quot;yes&quot;,&quot;pagination&quot;:&quot;bullets&quot;,&quot;image_spacing_custom&quot;:{&quot;unit&quot;:&quot;px&quot;,&quot;size&quot;:10,&quot;sizes&quot;:[]},&quot;image_spacing_custom_tablet&quot;:{&quot;unit&quot;:&quot;px&quot;,&quot;size&quot;:&quot;&quot;,&quot;sizes&quot;:[]},&quot;image_spacing_custom_mobile&quot;:{&quot;unit&quot;:&quot;px&quot;,&quot;size&quot;:&quot;&quot;,&quot;sizes&quot;:[]}}\" data-widget_type=\"loop-carousel.product\">\n\t\t\t\t<div class=\"elementor-widget-container\">\n\t\t\t\t\t\t\t<div class=\"swiper elementor-loop-container elementor-grid\" role=\"list\" dir=\"ltr\">\n\t\t\t\t<div class=\"swiper-wrapper\" aria-live=\"off\">\n\t\t<style id=\"loop-138\">.elementor-138 .elementor-element.elementor-element-2c791399{--display:flex;--flex-direction:row;--container-widget-width:initial;--container-widget-height:100%;--container-widget-flex-grow:1;--container-widget-align-self:stretch;--flex-wrap-mobile:wrap;--gap:36px 36px;--row-gap:36px;--column-gap:36px;--border-radius:20px 20px 20px 20px;}.elementor-widget-theme-post-featured-image .widget-image-caption{color:var( --e-global-color-text );font-family:var( --e-global-typography-text-font-family ), Sans-serif;font-weight:var( --e-global-typography-text-font-weight );}.elementor-138 .elementor-element.elementor-element-74ad3298 img{width:100%;max-width:100%;}.elementor-138 .elementor-element.elementor-element-74ad3298{width:var( --container-widget-width, 141px );max-width:141px;--container-widget-width:141px;--container-widget-flex-grow:0;}.elementor-138 .elementor-element.elementor-element-74ad3298 > .elementor-widget-container{border-radius:0px 0px 0px 0px;}.elementor-138 .elementor-element.elementor-element-2c4bb42{--display:flex;--justify-content:center;--padding-top:0px;--padding-bottom:0px;--padding-left:0px;--padding-right:0px;}.elementor-widget-woocommerce-product-title .elementor-heading-title{font-family:var( --e-global-typography-primary-font-family ), Sans-serif;font-weight:var( --e-global-typography-primary-font-weight );color:var( --e-global-color-primary );}.elementor-138 .elementor-element.elementor-element-20896848{text-align:start;width:var( --container-widget-width, 240px );max-width:240px;--container-widget-width:240px;--container-widget-flex-grow:0;}.elementor-138 .elementor-element.elementor-element-20896848 .elementor-heading-title{font-family:\"Montserrat\", Sans-serif;font-size:17px;font-weight:700;line-height:1.2em;color:#1E1E1E;}.elementor-138 .elementor-element.elementor-element-20896848 .elementor-heading-title a:hover, .elementor-138 .elementor-element.elementor-element-20896848 .elementor-heading-title a:focus{color:#1E1E1E;}.elementor-widget-theme-post-excerpt .elementor-widget-container{font-family:var( --e-global-typography-text-font-family ), Sans-serif;font-weight:var( --e-global-typography-text-font-weight );color:var( --e-global-color-text );}.elementor-138 .elementor-element.elementor-element-f973f63 .elementor-widget-container{font-family:\"Montserrat\", Sans-serif;font-size:12px;font-weight:400;line-height:1.4em;color:#1E1E1E;}.elementor-138 .elementor-element.elementor-element-d6f7cf2{--display:flex;--flex-direction:row;--container-widget-width:calc( ( 1 - var( --container-widget-flex-grow ) ) * 100% );--container-widget-height:100%;--container-widget-flex-grow:1;--container-widget-align-self:stretch;--flex-wrap-mobile:wrap;--justify-content:space-between;--align-items:center;--padding-top:0px;--padding-bottom:0px;--padding-left:0px;--padding-right:0px;}.woocommerce .elementor-widget-woocommerce-product-price .price{color:var( --e-global-color-primary );font-family:var( --e-global-typography-primary-font-family ), Sans-serif;font-weight:var( --e-global-typography-primary-font-weight );}.elementor-138 .elementor-element.elementor-element-73ea6be7{text-align:start;}.woocommerce .elementor-138 .elementor-element.elementor-element-73ea6be7 .price{color:#1E1E1E;font-family:\"Montserrat\", Sans-serif;font-size:15px;font-weight:400;}.woocommerce .elementor-138 .elementor-element.elementor-element-73ea6be7 .price ins{font-family:\"Montserrat\", Sans-serif;font-size:15px;}body:not(.rtl) .elementor-138 .elementor-element.elementor-element-73ea6be7:not(.elementor-product-price-block-yes) del{margin-right:5px;}body.rtl .elementor-138 .elementor-element.elementor-element-73ea6be7:not(.elementor-product-price-block-yes) del{margin-left:5px;}.elementor-138 .elementor-element.elementor-element-73ea6be7.elementor-product-price-block-yes del{margin-bottom:5px;}.elementor-138 .elementor-element.elementor-element-73ea6be7 > .elementor-widget-container{margin:0px 0px -15px 0px;}.elementor-widget-wc-add-to-cart .elementor-button{font-family:var( --e-global-typography-accent-font-family ), Sans-serif;font-weight:var( --e-global-typography-accent-font-weight );background-color:var( --e-global-color-accent );}.elementor-138 .elementor-element.elementor-element-a812e09 .elementor-button{background-color:#000000;border-radius:0px 0px 0px 0px;padding:8px 14px 8px 14px;}@media(min-width:768px){.elementor-138 .elementor-element.elementor-element-2c791399{--content-width:1140px;}.elementor-138 .elementor-element.elementor-element-2c4bb42{--width:242px;}}<\/style>\t\t<div data-elementor-type=\"loop-item\" data-elementor-id=\"138\" class=\"elementor elementor-138 swiper-slide e-loop-item e-loop-item-150 post-150 product type-product status-publish has-post-thumbnail product_cat-sem-categoria first instock shipping-taxable purchasable product-type-simple\" data-elementor-post-type=\"elementor_library\" role=\"group\" aria-roledescription=\"slide\" data-custom-edit-handle=\"1\">\n\t\t\t<div class=\"elementor-element elementor-element-2c791399 e-flex e-con-boxed e-con e-parent\" data-id=\"2c791399\" data-element_type=\"container\" data-e-type=\"container\" data-settings=\"{&quot;background_background&quot;:&quot;classic&quot;}\">\n\t\t\t\t\t<div class=\"e-con-inner\">\n\t\t\t\t<div class=\"elementor-element elementor-element-74ad3298 elementor-widget__width-initial elementor-widget elementor-widget-theme-post-featured-image elementor-widget-image\" data-id=\"74ad3298\" data-element_type=\"widget\" data-e-type=\"widget\" data-widget_type=\"theme-post-featured-image.default\">\n\t\t\t\t<div class=\"elementor-widget-container\">\n\t\t\t\t\t\t\t\t\t\t\t\t\t\t\t\t<a href=\"https:\/\/loja.gengibrequentinho.com.br\/?product=gengibre-quentinho-600ml-em-garrafa-de-vidro\">\n\t\t\t\t\t\t\t<img fetchpriority=\"high\" decoding=\"async\" width=\"221\" height=\"660\" src=\"https:\/\/loja.gengibrequentinho.com.br\/wp-content\/uploads\/2026\/03\/GARRAFA-VIDRO.avif\" class=\"attachment-full size-full wp-image-154\" alt=\"\" srcset=\"https:\/\/loja.gengibrequentinho.com.br\/wp-content\/uploads\/2026\/03\/GARRAFA-VIDRO.avif 221w, https:\/\/loja.gengibrequentinho.com.br\/wp-content\/uploads\/2026\/03\/GARRAFA-VIDRO-100x300.jpg 100w\" sizes=\"(max-width: 221px) 100vw, 221px\" \/>\t\t\t\t\t\t\t\t<\/a>\n\t\t\t\t\t\t\t\t\t\t\t\t\t\t\t<\/div>\n\t\t\t\t<\/div>\n\t\t<div class=\"elementor-element elementor-element-2c4bb42 e-con-full e-flex e-con e-child\" data-id=\"2c4bb42\" data-element_type=\"container\" data-e-type=\"container\">\n\t\t\t\t<div class=\"elementor-element elementor-element-20896848 elementor-widget__width-initial elementor-widget elementor-widget-woocommerce-product-title elementor-page-title elementor-widget-heading\" data-id=\"20896848\" data-element_type=\"widget\" data-e-type=\"widget\" data-widget_type=\"woocommerce-product-title.default\">\n\t\t\t\t<div class=\"elementor-widget-container\">\n\t\t\t\t\t<h2 class=\"product_title entry-title elementor-heading-title elementor-size-default\"><a href=\"https:\/\/loja.gengibrequentinho.com.br\/?product=gengibre-quentinho-600ml-em-garrafa-de-vidro\">Gengibre Quentinho 600ml em garrafa de vidro<\/a><\/h2>\t\t\t\t<\/div>\n\t\t\t\t<\/div>\n\t\t\t\t<div class=\"elementor-element elementor-element-f973f63 elementor-widget elementor-widget-theme-post-excerpt\" data-id=\"f973f63\" data-element_type=\"widget\" data-e-type=\"widget\" data-widget_type=\"theme-post-excerpt.default\">\n\t\t\t\t<div class=\"elementor-widget-container\">\n\t\t\t\t\tSabor inconfund\u00edvel do gengibre em uma embalagem que eleva a experi\u00eancia. Al\u00e9m de manter o frescor e a qualidade da bebida, a garrafa de vidro oferece um toque raiz, ideal para momentos especiais com amigos na mesa de bar.\t\t\t\t<\/div>\n\t\t\t\t<\/div>\n\t\t<div class=\"elementor-element elementor-element-d6f7cf2 e-con-full e-flex e-con e-child\" data-id=\"d6f7cf2\" data-element_type=\"container\" data-e-type=\"container\">\n\t\t\t\t<div class=\"elementor-element elementor-element-73ea6be7 elementor-widget elementor-widget-woocommerce-product-price\" data-id=\"73ea6be7\" data-element_type=\"widget\" data-e-type=\"widget\" data-widget_type=\"woocommerce-product-price.default\">\n\t\t\t\t<div class=\"elementor-widget-container\">\n\t\t\t\t\t<p class=\"price\"><span class=\"woocommerce-Price-amount amount\"><bdi><span class=\"woocommerce-Price-currencySymbol\">&#82;&#36;<\/span>&nbsp;22,90<\/bdi><\/span><\/p>\n\t\t\t\t<\/div>\n\t\t\t\t<\/div>\n\t\t\t\t<div class=\"elementor-element elementor-element-a812e09 elementor-widget elementor-widget-wc-add-to-cart\" data-id=\"a812e09\" data-element_type=\"widget\" data-e-type=\"widget\" data-widget_type=\"wc-add-to-cart.default\">\n\t\t\t\t<div class=\"elementor-widget-container\">\n\t\t\t\t\t\t\t\t\t<div class=\"elementor-button-wrapper\">\n\t\t\t\t\t<a rel=\"nofollow\" href=\"\/index.php?rest_route=%2Fwp%2Fv2%2Fpages%2F107&amp;add-to-cart=150\" data-quantity=\"1\" data-product_id=\"150\" class=\"product_type_simple add_to_cart_button ajax_add_to_cart elementor-button elementor-size-sm\" role=\"button\">\n\t\t\t\t\t\t<span class=\"elementor-button-content-wrapper\">\n\t\t\t\t\t\t\t\t\t<span class=\"elementor-button-text\">Comprar<\/span>\n\t\t\t\t\t<\/span>\n\t\t\t\t\t<\/a>\n\t\t\t\t<\/div>\n\t\t\t\t\t\t\t\t<\/div>\n\t\t\t\t<\/div>\n\t\t\t\t<\/div>\n\t\t\t\t<\/div>\n\t\t\t\t\t<\/div>\n\t\t\t\t<\/div>\n\t\t\t\t<\/div>\n\t\t\t\t<\/div>\n\t\t<\/div>\n\t\t\t\t\t<div class=\"elementor-swiper-button elementor-swiper-button-prev\" role=\"button\" tabindex=\"0\" aria-label=\"Anterior\">\n\t\t\t\t<svg aria-hidden=\"true\" class=\"e-font-icon-svg e-eicon-chevron-left\" viewBox=\"0 0 1000 1000\" xmlns=\"http:\/\/www.w3.org\/2000\/svg\"><path d=\"M646 125C629 125 613 133 604 142L308 442C296 454 292 471 292 487 292 504 296 521 308 533L604 854C617 867 629 875 646 875 663 875 679 871 692 858 704 846 713 829 713 812 713 796 708 779 692 767L438 487 692 225C700 217 708 204 708 187 708 171 704 154 692 142 675 129 663 125 646 125Z\"><\/path><\/svg>\t\t\t<\/div>\n\t\t\t<div class=\"elementor-swiper-button elementor-swiper-button-next\" role=\"button\" tabindex=\"0\" aria-label=\"Pr\u00f3ximo\">\n\t\t\t\t<svg aria-hidden=\"true\" class=\"e-font-icon-svg e-eicon-chevron-right\" viewBox=\"0 0 1000 1000\" xmlns=\"http:\/\/www.w3.org\/2000\/svg\"><path d=\"M696 533C708 521 713 504 713 487 713 471 708 454 696 446L400 146C388 133 375 125 354 125 338 125 325 129 313 142 300 154 292 171 292 187 292 204 296 221 308 233L563 492 304 771C292 783 288 800 288 817 288 833 296 850 308 863 321 871 338 875 354 875 371 875 388 867 400 854L696 533Z\"><\/path><\/svg>\t\t\t<\/div>\n\t\t\t\t\t<div class=\"swiper-pagination\"><\/div>\n\t\t\t\t\t\t<\/div>\n\t\t\t\t<\/div>\n\t\t\t\t\t<\/div>\n\t\t\t\t<\/div>\n\t\t\t\t<\/div>\n\t\t","protected":false},"excerpt":{"rendered":"","protected":false},"author":2,"featured_media":0,"parent":0,"menu_order":0,"comment_status":"closed","ping_status":"closed","template":"","meta":{"footnotes":""},"class_list":["post-107","page","type-page","status-publish","hentry"],"_links":{"self":[{"href":"https:\/\/loja.gengibrequentinho.com.br\/index.php?rest_route=\/wp\/v2\/pages\/107","targetHints":{"allow":["GET"]}}],"collection":[{"href":"https:\/\/loja.gengibrequentinho.com.br\/index.php?rest_route=\/wp\/v2\/pages"}],"about":[{"href":"https:\/\/loja.gengibrequentinho.com.br\/index.php?rest_route=\/wp\/v2\/types\/page"}],"author":[{"embeddable":true,"href":"https:\/\/loja.gengibrequentinho.com.br\/index.php?rest_route=\/wp\/v2\/users\/2"}],"replies":[{"embeddable":true,"href":"https:\/\/loja.gengibrequentinho.com.br\/index.php?rest_route=%2Fwp%2Fv2%2Fcomments&post=107"}],"version-history":[{"count":28,"href":"https:\/\/loja.gengibrequentinho.com.br\/index.php?rest_route=\/wp\/v2\/pages\/107\/revisions"}],"predecessor-version":[{"id":175,"href":"https:\/\/loja.gengibrequentinho.com.br\/index.php?rest_route=\/wp\/v2\/pages\/107\/revisions\/175"}],"wp:attachment":[{"href":"https:\/\/loja.gengibrequentinho.com.br\/index.php?rest_route=%2Fwp%2Fv2%2Fmedia&parent=107"}],"curies":[{"name":"wp","href":"https:\/\/api.w.org\/{rel}","templated":true}]}}